{"id":1882,"date":"2024-06-17T09:53:31","date_gmt":"2024-06-17T07:53:31","guid":{"rendered":"https:\/\/internationalschoolofmadrid.com\/politica-de-cookies\/"},"modified":"2024-10-03T16:05:37","modified_gmt":"2024-10-03T14:05:37","slug":"politica-de-cookies","status":"publish","type":"page","link":"https:\/\/internationalschoolofmadrid.com\/es\/politica-de-cookies\/","title":{"rendered":"Pol\u00edtica de Cookies"},"content":{"rendered":"\t\t<div data-elementor-type=\"wp-page\" data-elementor-id=\"1882\" class=\"elementor elementor-1882 elementor-1701\" data-elementor-post-type=\"page\">\n\t\t\t\t<div class=\"elementor-element elementor-element-7841b51 e-flex e-con-boxed e-con e-parent\" data-id=\"7841b51\" data-element_type=\"container\">\n\t\t\t\t\t<div class=\"e-con-inner\">\n\t\t\t\t<div class=\"elementor-element elementor-element-f19e155 elementor-widget-divider--view-line_text elementor-widget-divider--element-align-left elementor-widget elementor-widget-divider\" data-id=\"f19e155\" data-element_type=\"widget\" data-widget_type=\"divider.default\">\n\t\t\t\t<div class=\"elementor-widget-container\">\n\t\t\t\t\t<div class=\"elementor-divider\">\n\t\t\t<span class=\"elementor-divider-separator\">\n\t\t\t\t\t\t\t<h1 class=\"elementor-divider__text elementor-divider__element\">\n\t\t\t\tPol\u00edtica de Cookies de <span style=\"color:#B0D4FF\">International School of Madrid<\/span>\t\t\t\t<\/h1>\n\t\t\t\t\t\t<\/span>\n\t\t<\/div>\n\t\t\t\t<\/div>\n\t\t\t\t<\/div>\n\t\t<div class=\"elementor-element elementor-element-d366482 e-flex e-con-boxed e-con e-child\" data-id=\"d366482\" data-element_type=\"container\">\n\t\t\t\t\t<div class=\"e-con-inner\">\n\t\t\t\t<div class=\"elementor-element elementor-element-6e7e916 elementor-widget elementor-widget-text-editor\" data-id=\"6e7e916\" data-element_type=\"widget\" data-widget_type=\"text-editor.default\">\n\t\t\t\t<div class=\"elementor-widget-container\">\n\t\t\t\t\t\t\t<p>La presente pol\u00edtica tiene por finalidad definir el uso de cookies en <a href=\"https:\/\/internationalschoolofmadrid.com\/es\/\">https:\/\/internationalschoolofmadrid.com\/<\/a>, as\u00ed como facilitar informaci\u00f3n a los usuarios y visitantes de <a href=\"https:\/\/internationalschoolofmadrid.com\/es\/\">https:\/\/internationalschoolofmadrid.com\/<\/a> en relaci\u00f3n al uso de cookies y los medios de configuraci\u00f3n de sus navegadores.<\/p>\n<p>La utilizaci\u00f3n de los servicios ofrecidos por <a href=\"https:\/\/internationalschoolofmadrid.com\/es\/\">https:\/\/internationalschoolofmadrid.com\/<\/a>, supondr\u00e1 la aceptaci\u00f3n plena y sin reservas de esta pol\u00edtica de uso de cookies.<\/p>\n<p>INTERNATIONAL SCHOOL OF MADRID, S.L. podr\u00e1 recoger informaci\u00f3n a trav\u00e9s de archivos como cookies o ficheros log sobre la navegaci\u00f3n de los usuarios por <a href=\"https:\/\/internationalschoolofmadrid.com\/es\/\">https:\/\/internationalschoolofmadrid.com\/<\/a>. Estos dispositivos se asocian exclusivamente a un \u00fanico usuario y su propio dispositivo de acceso.<\/p>\n\t\t\t\t\t\t<\/div>\n\t\t\t\t<\/div>\n\t\t\t\t<div class=\"elementor-element elementor-element-27c0a33 elementor-widget elementor-widget-heading\" data-id=\"27c0a33\" data-element_type=\"widget\" data-widget_type=\"heading.default\">\n\t\t\t\t<div class=\"elementor-widget-container\">\n\t\t\t<p class=\"elementor-heading-title elementor-size-default\">1.- \u00bfQu\u00e9 es una Cookie?<\/p>\t\t<\/div>\n\t\t\t\t<\/div>\n\t\t\t\t<div class=\"elementor-element elementor-element-13ebd76 elementor-widget elementor-widget-text-editor\" data-id=\"13ebd76\" data-element_type=\"widget\" data-widget_type=\"text-editor.default\">\n\t\t\t\t<div class=\"elementor-widget-container\">\n\t\t\t\t\t\t\t<p>Las cookies son archivos que contienen peque\u00f1as cantidades de informaci\u00f3n que se descargan en el dispositivo del usuario que se utiliza cuando visita un sitio web.<\/p>\n<p>Las \u201ccookies\u201d constituyen una herramienta empleada por los servidores Web para almacenar y recuperar informaci\u00f3n acerca de sus usuarios. No es m\u00e1s que un fichero de texto que algunos servidores piden al navegador que escriba en su disco duro, con informaci\u00f3n acerca de lo realizado en la p\u00e1gina web. Poseen una fecha de caducidad, que puede oscilar desde el tiempo que dure la sesi\u00f3n hasta una fecha futura especificada, a partir de la cual dejan de ser operativas.  <\/p>\n<p>Las cookies son esenciales para el funcionamiento de Internet; no pueden da\u00f1ar el equipo\/dispositivo del usuario y, si se encuentran activadas en la configuraci\u00f3n de su navegador, nos ayudan a identificar y resolver posibles errores de funcionamiento de <a href=\"https:\/\/internationalschoolofmadrid.com\/es\/\">https:\/\/internationalschoolofmadrid.com\/<\/a>.<\/p>\n\t\t\t\t\t\t<\/div>\n\t\t\t\t<\/div>\n\t\t\t\t<div class=\"elementor-element elementor-element-2e3470f elementor-widget elementor-widget-heading\" data-id=\"2e3470f\" data-element_type=\"widget\" data-widget_type=\"heading.default\">\n\t\t\t\t<div class=\"elementor-widget-container\">\n\t\t\t<p class=\"elementor-heading-title elementor-size-default\">2.- Tipos de Cookies.<\/p>\t\t<\/div>\n\t\t\t\t<\/div>\n\t\t\t\t<div class=\"elementor-element elementor-element-c944eca elementor-widget elementor-widget-text-editor\" data-id=\"c944eca\" data-element_type=\"widget\" data-widget_type=\"text-editor.default\">\n\t\t\t\t<div class=\"elementor-widget-container\">\n\t\t\t\t\t\t\t<p>Las cookies se dividen en varios tipos de clasificaciones: por qui\u00e9n es el que utiliza dichas cookies, por la finalidad de su uso y por el plazo de tiempo que permanecen activadas.<\/p>\n<p><strong>a) Por quien es el propietario, se clasifican en:<\/strong><\/p>\n<ul>\n<li>Cookies propias: Aqu\u00e9llas que enviamos a tu ordenador o terminal desde nuestra p\u00e1gina web.<\/li>\n<li>Cookies de tercero: Aqu\u00e9llas que se env\u00edan a tu ordenador o terminal desde un dominio o una p\u00e1gina web que no es gestionada por nosotros, sino por otra entidad que trata los datos obtenidos trav\u00e9s de las cookies.\n<\/li>\n<\/ul>\n<p><strong> Por la finalidad, se clasifican en:<\/strong><\/p>\n<ul>\n<li>Cookies funcionales: Son aquellas que permiten al usuario la navegaci\u00f3n a trav\u00e9s de una p\u00e1gina web y la utilizaci\u00f3n de las diferentes opciones o servicios que en ella existan.<\/li>\n<li>Cookies de personalizaci\u00f3n: Son aqu\u00e9llas que permiten al usuario acceder al servicio con algunas caracter\u00edsticas de car\u00e1cter general predefinidas en funci\u00f3n de una serie de criterios en el terminal del usuario como, por ejemplo, ser\u00edan el idioma, el tipo de navegador a trav\u00e9s del cual accede al servicio, la configuraci\u00f3n regional desde donde accede al servicio, etc.<\/li>\n<li>Cookies de an\u00e1lisis: Son aqu\u00e9llas que bien tratadas por nosotros o por terceros, nos permiten cuantificar el n\u00famero de usuarios y realizar la medici\u00f3n y an\u00e1lisis estad\u00edstico de la utilizaci\u00f3n que hacen los usuarios de nuestra web. Para ello analizamos la navegaci\u00f3n en nuestra p\u00e1gina web con el fin de mejorar la oferta de productos o servicios que ofrecemos. <\/li>\n<li>Cookies de publicidad comportamental: Son aquellas que almacenan informaci\u00f3n del comportamiento de los usuarios obtenida a trav\u00e9s de la observaci\u00f3n continuada de sus h\u00e1bitos de navegaci\u00f3n, lo que permite desarrollar un perfil espec\u00edfico para mostrar publicidad en funci\u00f3n del mismo.\n<\/li>\n<\/ul>\n<p><strong>c) Por la permanencia, se clasifican en<\/strong><\/p>\n<ul>\n<li>Cookies de Sesi\u00f3n: Son aquellas dise\u00f1adas para recabar y almacenar datos mientras el usuario accede a una p\u00e1gina web. Desaparecen al terminar la sesi\u00f3n el usuario. <\/li>\n<li>Cookies Persistentes: Son aquellas en las que los datos siguen almacenados en el terminal, y pueden ser accedidos y tratados durante un periodo definido por el responsable de la cookie, que puede ir de unos minutos a varios a\u00f1os.<\/li>\n<\/ul>\n\t\t\t\t\t\t<\/div>\n\t\t\t\t<\/div>\n\t\t\t\t<div class=\"elementor-element elementor-element-4169826 elementor-widget elementor-widget-heading\" data-id=\"4169826\" data-element_type=\"widget\" data-widget_type=\"heading.default\">\n\t\t\t\t<div class=\"elementor-widget-container\">\n\t\t\t<p class=\"elementor-heading-title elementor-size-default\">3.- Uso de Cookies por parte de https:\/\/internationalschoolofmadrid.com\/<\/p>\t\t<\/div>\n\t\t\t\t<\/div>\n\t\t\t\t<div class=\"elementor-element elementor-element-1b5a6a9 elementor-widget elementor-widget-text-editor\" data-id=\"1b5a6a9\" data-element_type=\"widget\" data-widget_type=\"text-editor.default\">\n\t\t\t\t<div class=\"elementor-widget-container\">\n\t\t\t\t\t\t\t<p>INTERNATIONAL SCHOOL OF MADRID, S.L. utiliza en su p\u00e1gina web<a href=\"https:\/\/internationalschoolofmadrid.com\/es\/\">https:\/\/internationalschoolofmadrid.com\/<\/a> cookies funcionales, necesarias para mostrar correctamente la p\u00e1gina web y garantizar el correcto funcionamiento de <a href=\"https:\/\/internationalschoolofmadrid.com\/es\/\">https:\/\/internationalschoolofmadrid.com\/<\/a> y, cookies anal\u00edticas, que se utilizan para analizar el comportamiento de los usuarios de forma agregada y an\u00f3nima incluyendo el n\u00famero de visitantes a la web y a diferentes p\u00e1ginas internas, la procedencia de las visita, d\u00eda y hora, plataforma, palabras de b\u00fasqueda que utiliza un usuario para encontrar su contenido deseado.<\/p>\n<p>Las finalidades para las cuales utilizamos las cookies son las siguientes:<\/p>\n<ul>\n<li>Para personalizar la navegaci\u00f3n del usuario, reconocer su idioma y para equilibrar la carga de la p\u00e1gina web.<\/li>\n<li>Para poder introducir mejoras en el sitio web y saber qu\u00e9 contenido o dise\u00f1o es m\u00e1s relevante para el usuario.<\/li>\n<\/ul>\n<p>INTERNATIONAL SCHOOL OF MADRID, S.L. no puede leer las cookies implementadas en el disco duro del equipo\/terminal del usuario desde otros Servidores web distintos al suyo.<\/p>\n<p>En la siguiente tabla puede consultar las cookies utilizadas en <a href=\"https:\/\/internationalschoolofmadrid.com\/es\/\">https:\/\/internationalschoolofmadrid.com\/<\/a>, su finalidad, si es propia o de terceros y su duraci\u00f3n.<\/p>\n\t\t\t\t\t\t<\/div>\n\t\t\t\t<\/div>\n\t\t\t\t<div class=\"elementor-element elementor-element-e03b605 elementor-widget elementor-widget-html\" data-id=\"e03b605\" data-element_type=\"widget\" data-widget_type=\"html.default\">\n\t\t\t\t<div class=\"elementor-widget-container\">\n\t\t\t<div class=\"cky-audit-table-element\"><\/div>\t\t<\/div>\n\t\t\t\t<\/div>\n\t\t\t\t<div class=\"elementor-element elementor-element-f6de99d elementor-widget elementor-widget-heading\" data-id=\"f6de99d\" data-element_type=\"widget\" data-widget_type=\"heading.default\">\n\t\t\t\t<div class=\"elementor-widget-container\">\n\t\t\t<p class=\"elementor-heading-title elementor-size-default\"> 4.- Uso de Cookies de Anal\u00edticas de Google Analytics.<\/p>\t\t<\/div>\n\t\t\t\t<\/div>\n\t\t\t\t<div class=\"elementor-element elementor-element-1120f15 elementor-widget elementor-widget-text-editor\" data-id=\"1120f15\" data-element_type=\"widget\" data-widget_type=\"text-editor.default\">\n\t\t\t\t<div class=\"elementor-widget-container\">\n\t\t\t\t\t\t\t<p>LA p\u00e1gina web <a href=\"https:\/\/internationalschoolofmadrid.com\/es\/\">https:\/\/internationalschoolofmadrid.com\/<\/a> utiliza cookies anal\u00edticas de Google Analytics (1600 Amphitheatre Parkway, Mountain View. California. CA 94043, Estados Unidos). Estas cookies no recopilan informaci\u00f3n personal que identifique a un visitante. Toda la informaci\u00f3n que recopilan estas cookies se acumula y, por lo tanto, es an\u00f3nima. Solo se usa para mejorar el funcionamiento del sitio.  <\/p>\n<p>Puede encontrar m\u00e1s informaci\u00f3n sobre las cookies de Google Analytics en:<\/p>\n<ul>\n<li><a href=\"https:\/\/developers.google.com\/analytics\/devguides\/collection\/analyticsjs\/cookie-usage\" target=\"_blank\" rel=\"noopener\">https:\/\/developers.google.com\/analytics\/devguides\/collection\/analyticsjs\/cookie-usage<\/a><\/li>\n<\/ul>\n<p>Puede evitar la utilizaci\u00f3n de Google Analytics en relaci\u00f3n con su uso de <a href=\"https:\/\/internationalschoolofmadrid.com\/es\/\">https:\/\/internationalschoolofmadrid.com\/<\/a> al descargar e instalar el complemento de navegador disponible a trav\u00e9s de este enlace:<\/p>\n<ul>\n<li><a href=\"https:\/\/tools.google.com\/dlpage\/gaoptout?hl=es_ES\" target=\"_blank\" rel=\"noopener\">https:\/\/tools.google.com\/dlpage\/gaoptout?hl=es_ES<\/a><\/li>\n<\/ul>\n\t\t\t\t\t\t<\/div>\n\t\t\t\t<\/div>\n\t\t\t\t<div class=\"elementor-element elementor-element-b102cae elementor-widget elementor-widget-heading\" data-id=\"b102cae\" data-element_type=\"widget\" data-widget_type=\"heading.default\">\n\t\t\t\t<div class=\"elementor-widget-container\">\n\t\t\t<p class=\"elementor-heading-title elementor-size-default\">5.- Configuraci\u00f3n de las Cookies.<\/p>\t\t<\/div>\n\t\t\t\t<\/div>\n\t\t\t\t<div class=\"elementor-element elementor-element-37921d1 elementor-widget elementor-widget-text-editor\" data-id=\"37921d1\" data-element_type=\"widget\" data-widget_type=\"text-editor.default\">\n\t\t\t\t<div class=\"elementor-widget-container\">\n\t\t\t\t\t\t\t<p>El usuario puede bloquear las Cookies a trav\u00e9s de las herramientas de configuraci\u00f3n del navegador, o bien, puede configurar su navegador para que le avise cuando un servidor quiera guardar una Cookie.<\/p>\n<ul>\n<li>Si utiliza Microsoft Internet Explorer, encontrar\u00e1 la opci\u00f3n en el men\u00fa Herramientas &gt; Opciones de internet &gt; Privacidad &gt; Configuraci\u00f3n.<\/li>\n<\/ul>\n<p>M\u00e1s informaci\u00f3n en <a href=\"http:\/\/windows.microsoft.com\/es-es\/\" target=\"_blank\" rel=\"noopener\">http:\/\/windows.microsoft.com\/es-es\/<\/a><\/p>\n<ul>\n<li>Si utiliza Firefox, encontrar\u00e1 la opci\u00f3n en el men\u00fa Herramientas &gt; Opciones &gt; Privacidad &gt; Cookies.<\/li>\n<\/ul>\n<p>M\u00e1s informaci\u00f3n en <a href=\"http:\/\/support.mozilla.org\/es\/kb\/habilitar-y-deshabilitar-Cookies-que-los-sitios-we\" target=\"_blank\" rel=\"noopener\">http:\/\/support.mozilla.org\/es\/kb\/habilitar-y-deshabilitar-Cookies-que-los-sitios-we<\/a><\/p>\n<ul>\n<li>Si utiliza Chrome, en la secci\u00f3n de Opciones &gt; Opciones Avanzadas &gt; Privacidad.<\/li>\n<\/ul>\n<p>M\u00e1s informaci\u00f3n en <a href=\"https:\/\/support.google.com\/accounts\/answer\/61416?hl=es\" target=\"_blank\" rel=\"noopener\">https:\/\/support.google.com\/accounts\/answer\/61416?hl=es<\/a><\/p>\n<ul>\n<li>Si utiliza Opera, en la opci\u00f3n de Seguridad y Privacidad, podr\u00e1 configurar el navegador.<\/li>\n<\/ul>\n<p>M\u00e1s informaci\u00f3n en <a href=\"http:\/\/help.opera.com\/Windows\/11.50\/es-ES\/cookies.html\" target=\"_blank\" rel=\"noopener\">http:\/\/help.opera.com\/Windows\/11.50\/es-ES\/cookies.html<\/a><\/p>\n<ul>\n<li>Si utiliza Safari encontrar\u00e1 la opci\u00f3n en el men\u00fa Preferencias\/Privacidad.<\/li>\n<\/ul>\n<p>M\u00e1s informaci\u00f3n en <a href=\"http:\/\/support.apple.com\/kb\/HT1677?viewlocale=es_ES\" target=\"_blank\" rel=\"noopener\">http:\/\/support.apple.com\/kb\/HT1677?viewlocale=es_ES<\/a><\/p>\n\t\t\t\t\t\t<\/div>\n\t\t\t\t<\/div>\n\t\t\t\t\t<\/div>\n\t\t\t\t<\/div>\n\t\t\t\t\t<\/div>\n\t\t\t\t<\/div>\n\t\t\t\t<\/div>\n\t\t","protected":false},"excerpt":{"rendered":"<p>Pol\u00edtica de Cookies de International School of Madrid La presente pol\u00edtica tiene por finalidad definir el uso de cookies en https:\/\/internationalschoolofmadrid.com\/, as\u00ed como facilitar informaci\u00f3n a los usuarios y visitantes de https:\/\/internationalschoolofmadrid.com\/ en relaci\u00f3n al uso de cookies y los medios de configuraci\u00f3n de sus navegadores. La utilizaci\u00f3n de los servicios ofrecidos por https:\/\/internationalschoolofmadrid.com\/, supondr\u00e1 [&hellip;]<\/p>\n","protected":false},"author":1,"featured_media":0,"parent":0,"menu_order":0,"comment_status":"closed","ping_status":"closed","template":"","meta":{"footnotes":""},"class_list":["post-1882","page","type-page","status-publish","hentry"],"yoast_head":"<!-- This site is optimized with the Yoast SEO plugin v24.0 - https:\/\/yoast.com\/wordpress\/plugins\/seo\/ -->\n<title>Pol\u00edtica de Cookies - International School of Madrid<\/title>\n<meta name=\"robots\" content=\"noindex, follow\" \/>\n<meta property=\"og:locale\" content=\"es_ES\" \/>\n<meta property=\"og:type\" content=\"article\" \/>\n<meta property=\"og:title\" content=\"Pol\u00edtica de Cookies - International School of Madrid\" \/>\n<meta property=\"og:description\" content=\"Pol\u00edtica de Cookies de International School of Madrid La presente pol\u00edtica tiene por finalidad definir el uso de cookies en https:\/\/internationalschoolofmadrid.com\/, as\u00ed como facilitar informaci\u00f3n a los usuarios y visitantes de https:\/\/internationalschoolofmadrid.com\/ en relaci\u00f3n al uso de cookies y los medios de configuraci\u00f3n de sus navegadores. La utilizaci\u00f3n de los servicios ofrecidos por https:\/\/internationalschoolofmadrid.com\/, supondr\u00e1 [&hellip;]\" \/>\n<meta property=\"og:url\" content=\"https:\/\/internationalschoolofmadrid.com\/es\/politica-de-cookies\/\" \/>\n<meta property=\"og:site_name\" content=\"International School of Madrid\" \/>\n<meta property=\"article:modified_time\" content=\"2024-10-03T14:05:37+00:00\" \/>\n<meta name=\"twitter:card\" content=\"summary_large_image\" \/>\n<meta name=\"twitter:label1\" content=\"Tiempo de lectura\" \/>\n\t<meta name=\"twitter:data1\" content=\"6 minutos\" \/>\n<script type=\"application\/ld+json\" class=\"yoast-schema-graph\">{\"@context\":\"https:\/\/schema.org\",\"@graph\":[{\"@type\":\"WebPage\",\"@id\":\"https:\/\/internationalschoolofmadrid.com\/es\/politica-de-cookies\/\",\"url\":\"https:\/\/internationalschoolofmadrid.com\/es\/politica-de-cookies\/\",\"name\":\"Pol\u00edtica de Cookies - International School of Madrid\",\"isPartOf\":{\"@id\":\"https:\/\/internationalschoolofmadrid.com\/es\/#website\"},\"datePublished\":\"2024-06-17T07:53:31+00:00\",\"dateModified\":\"2024-10-03T14:05:37+00:00\",\"breadcrumb\":{\"@id\":\"https:\/\/internationalschoolofmadrid.com\/es\/politica-de-cookies\/#breadcrumb\"},\"inLanguage\":\"es\",\"potentialAction\":[{\"@type\":\"ReadAction\",\"target\":[\"https:\/\/internationalschoolofmadrid.com\/es\/politica-de-cookies\/\"]}]},{\"@type\":\"BreadcrumbList\",\"@id\":\"https:\/\/internationalschoolofmadrid.com\/es\/politica-de-cookies\/#breadcrumb\",\"itemListElement\":[{\"@type\":\"ListItem\",\"position\":1,\"name\":\"Portada\",\"item\":\"https:\/\/internationalschoolofmadrid.com\/es\/inicio\/\"},{\"@type\":\"ListItem\",\"position\":2,\"name\":\"Pol\u00edtica de Cookies\"}]},{\"@type\":\"WebSite\",\"@id\":\"https:\/\/internationalschoolofmadrid.com\/es\/#website\",\"url\":\"https:\/\/internationalschoolofmadrid.com\/es\/\",\"name\":\"International School of Madrid\",\"description\":\"\",\"publisher\":{\"@id\":\"https:\/\/internationalschoolofmadrid.com\/es\/#organization\"},\"potentialAction\":[{\"@type\":\"SearchAction\",\"target\":{\"@type\":\"EntryPoint\",\"urlTemplate\":\"https:\/\/internationalschoolofmadrid.com\/es\/?s={search_term_string}\"},\"query-input\":{\"@type\":\"PropertyValueSpecification\",\"valueRequired\":true,\"valueName\":\"search_term_string\"}}],\"inLanguage\":\"es\"},{\"@type\":\"Organization\",\"@id\":\"https:\/\/internationalschoolofmadrid.com\/es\/#organization\",\"name\":\"International School of Madrid\",\"url\":\"https:\/\/internationalschoolofmadrid.com\/es\/\",\"logo\":{\"@type\":\"ImageObject\",\"inLanguage\":\"es\",\"@id\":\"https:\/\/internationalschoolofmadrid.com\/es\/#\/schema\/logo\/image\/\",\"url\":\"https:\/\/internationalschoolofmadrid.com\/wp-content\/uploads\/2024\/02\/Logotipo-ISM-azul.png\",\"contentUrl\":\"https:\/\/internationalschoolofmadrid.com\/wp-content\/uploads\/2024\/02\/Logotipo-ISM-azul.png\",\"width\":2201,\"height\":615,\"caption\":\"International School of Madrid\"},\"image\":{\"@id\":\"https:\/\/internationalschoolofmadrid.com\/es\/#\/schema\/logo\/image\/\"}}]}<\/script>\n<!-- \/ Yoast SEO plugin. -->","yoast_head_json":{"title":"Pol\u00edtica de Cookies - International School of Madrid","robots":{"index":"noindex","follow":"follow"},"og_locale":"es_ES","og_type":"article","og_title":"Pol\u00edtica de Cookies - International School of Madrid","og_description":"Pol\u00edtica de Cookies de International School of Madrid La presente pol\u00edtica tiene por finalidad definir el uso de cookies en https:\/\/internationalschoolofmadrid.com\/, as\u00ed como facilitar informaci\u00f3n a los usuarios y visitantes de https:\/\/internationalschoolofmadrid.com\/ en relaci\u00f3n al uso de cookies y los medios de configuraci\u00f3n de sus navegadores. La utilizaci\u00f3n de los servicios ofrecidos por https:\/\/internationalschoolofmadrid.com\/, supondr\u00e1 [&hellip;]","og_url":"https:\/\/internationalschoolofmadrid.com\/es\/politica-de-cookies\/","og_site_name":"International School of Madrid","article_modified_time":"2024-10-03T14:05:37+00:00","twitter_card":"summary_large_image","twitter_misc":{"Tiempo de lectura":"6 minutos"},"schema":{"@context":"https:\/\/schema.org","@graph":[{"@type":"WebPage","@id":"https:\/\/internationalschoolofmadrid.com\/es\/politica-de-cookies\/","url":"https:\/\/internationalschoolofmadrid.com\/es\/politica-de-cookies\/","name":"Pol\u00edtica de Cookies - International School of Madrid","isPartOf":{"@id":"https:\/\/internationalschoolofmadrid.com\/es\/#website"},"datePublished":"2024-06-17T07:53:31+00:00","dateModified":"2024-10-03T14:05:37+00:00","breadcrumb":{"@id":"https:\/\/internationalschoolofmadrid.com\/es\/politica-de-cookies\/#breadcrumb"},"inLanguage":"es","potentialAction":[{"@type":"ReadAction","target":["https:\/\/internationalschoolofmadrid.com\/es\/politica-de-cookies\/"]}]},{"@type":"BreadcrumbList","@id":"https:\/\/internationalschoolofmadrid.com\/es\/politica-de-cookies\/#breadcrumb","itemListElement":[{"@type":"ListItem","position":1,"name":"Portada","item":"https:\/\/internationalschoolofmadrid.com\/es\/inicio\/"},{"@type":"ListItem","position":2,"name":"Pol\u00edtica de Cookies"}]},{"@type":"WebSite","@id":"https:\/\/internationalschoolofmadrid.com\/es\/#website","url":"https:\/\/internationalschoolofmadrid.com\/es\/","name":"International School of Madrid","description":"","publisher":{"@id":"https:\/\/internationalschoolofmadrid.com\/es\/#organization"},"potentialAction":[{"@type":"SearchAction","target":{"@type":"EntryPoint","urlTemplate":"https:\/\/internationalschoolofmadrid.com\/es\/?s={search_term_string}"},"query-input":{"@type":"PropertyValueSpecification","valueRequired":true,"valueName":"search_term_string"}}],"inLanguage":"es"},{"@type":"Organization","@id":"https:\/\/internationalschoolofmadrid.com\/es\/#organization","name":"International School of Madrid","url":"https:\/\/internationalschoolofmadrid.com\/es\/","logo":{"@type":"ImageObject","inLanguage":"es","@id":"https:\/\/internationalschoolofmadrid.com\/es\/#\/schema\/logo\/image\/","url":"https:\/\/internationalschoolofmadrid.com\/wp-content\/uploads\/2024\/02\/Logotipo-ISM-azul.png","contentUrl":"https:\/\/internationalschoolofmadrid.com\/wp-content\/uploads\/2024\/02\/Logotipo-ISM-azul.png","width":2201,"height":615,"caption":"International School of Madrid"},"image":{"@id":"https:\/\/internationalschoolofmadrid.com\/es\/#\/schema\/logo\/image\/"}}]}},"_links":{"self":[{"href":"https:\/\/internationalschoolofmadrid.com\/es\/wp-json\/wp\/v2\/pages\/1882","targetHints":{"allow":["GET"]}}],"collection":[{"href":"https:\/\/internationalschoolofmadrid.com\/es\/wp-json\/wp\/v2\/pages"}],"about":[{"href":"https:\/\/internationalschoolofmadrid.com\/es\/wp-json\/wp\/v2\/types\/page"}],"author":[{"embeddable":true,"href":"https:\/\/internationalschoolofmadrid.com\/es\/wp-json\/wp\/v2\/users\/1"}],"replies":[{"embeddable":true,"href":"https:\/\/internationalschoolofmadrid.com\/es\/wp-json\/wp\/v2\/comments?post=1882"}],"version-history":[{"count":9,"href":"https:\/\/internationalschoolofmadrid.com\/es\/wp-json\/wp\/v2\/pages\/1882\/revisions"}],"predecessor-version":[{"id":2210,"href":"https:\/\/internationalschoolofmadrid.com\/es\/wp-json\/wp\/v2\/pages\/1882\/revisions\/2210"}],"wp:attachment":[{"href":"https:\/\/internationalschoolofmadrid.com\/es\/wp-json\/wp\/v2\/media?parent=1882"}],"curies":[{"name":"wp","href":"https:\/\/api.w.org\/{rel}","templated":true}]}}