{"id":1909,"date":"2024-06-17T10:02:13","date_gmt":"2024-06-17T08:02:13","guid":{"rendered":"https:\/\/internationalschoolofmadrid.com\/aviso-legal\/"},"modified":"2024-11-08T11:49:53","modified_gmt":"2024-11-08T10:49:53","slug":"aviso-legal","status":"publish","type":"page","link":"https:\/\/internationalschoolofmadrid.com\/es\/aviso-legal\/","title":{"rendered":"Aviso legal"},"content":{"rendered":"\t\t<div data-elementor-type=\"wp-page\" data-elementor-id=\"1909\" class=\"elementor elementor-1909 elementor-1709\" data-elementor-post-type=\"page\">\n\t\t\t\t<div class=\"elementor-element elementor-element-ce6a023 e-flex e-con-boxed e-con e-parent\" data-id=\"ce6a023\" data-element_type=\"container\">\n\t\t\t\t\t<div class=\"e-con-inner\">\n\t\t\t\t<div class=\"elementor-element elementor-element-47b3da8 elementor-widget-divider--view-line_text elementor-widget-divider--element-align-left elementor-widget elementor-widget-divider\" data-id=\"47b3da8\" data-element_type=\"widget\" data-widget_type=\"divider.default\">\n\t\t\t\t<div class=\"elementor-widget-container\">\n\t\t\t\t\t<div class=\"elementor-divider\">\n\t\t\t<span class=\"elementor-divider-separator\">\n\t\t\t\t\t\t\t<h1 class=\"elementor-divider__text elementor-divider__element\">\n\t\t\t\tAviso legal de <span style=\"color:#B0D4FF\">International School of Madrid<\/span>\t\t\t\t<\/h1>\n\t\t\t\t\t\t<\/span>\n\t\t<\/div>\n\t\t\t\t<\/div>\n\t\t\t\t<\/div>\n\t\t<div class=\"elementor-element elementor-element-0164671 e-flex e-con-boxed e-con e-child\" data-id=\"0164671\" data-element_type=\"container\">\n\t\t\t\t\t<div class=\"e-con-inner\">\n\t\t\t\t<div class=\"elementor-element elementor-element-d89f353 elementor-widget elementor-widget-text-editor\" data-id=\"d89f353\" data-element_type=\"widget\" data-widget_type=\"text-editor.default\">\n\t\t\t\t<div class=\"elementor-widget-container\">\n\t\t\t\t\t\t\t<p>Le agradecemos que hayas decidido visitarnos. Queremos que su experiencia en nuestra Web sea lo mejor posible. <\/p>\n<p>Para acceder a nuestros servicios, declara que es mayor de edad y que tiene la capacidad legal suficiente para usar nuestros servicios, de acuerdo con su ley nacional.<\/p>\n<p>El acceso y la navegaci\u00f3n en el sitio web, o el uso de los servicios del mismo, implican la aceptaci\u00f3n expresa e \u00edntegra de todas y cada una de las presentes Condiciones Generales, incluidas tanto las Condiciones Particulares fijadas para ciertas promociones, as\u00ed como de las Pol\u00edticas de Privacidad y de las Cookies, relacionadas con la normativa vigente en la materia de Protecci\u00f3n de Datos Personales. Por favor, le recomendamos que las lea con atenci\u00f3n para saber qu\u00e9 tipo de datos se recogen a trav\u00e9s de nuestra Web, con qu\u00e9 finalidades y qu\u00e9 derechos relacionados con ello le conciernen. <\/p>\n\t\t\t\t\t\t<\/div>\n\t\t\t\t<\/div>\n\t\t\t\t<div class=\"elementor-element elementor-element-79c1b14 elementor-widget elementor-widget-heading\" data-id=\"79c1b14\" data-element_type=\"widget\" data-widget_type=\"heading.default\">\n\t\t\t\t<div class=\"elementor-widget-container\">\n\t\t\t<p class=\"elementor-heading-title elementor-size-default\">1.- Informaci\u00f3n Legal.<\/p>\t\t<\/div>\n\t\t\t\t<\/div>\n\t\t\t\t<div class=\"elementor-element elementor-element-5cbd35f elementor-widget elementor-widget-text-editor\" data-id=\"5cbd35f\" data-element_type=\"widget\" data-widget_type=\"text-editor.default\">\n\t\t\t\t<div class=\"elementor-widget-container\">\n\t\t\t\t\t\t\t<p>En cumplimiento de la Ley 34\/2002, de 11 de julio, de Servicios de la Sociedad de la Informaci\u00f3n y del Comercio Electr\u00f3nico, los datos identificativos del titular del Portal Web son:<\/p>\n<p>Colegio Internacional de Madrid, S.L. \u2013 International School of Madrid.<\/p>\n<p>B78037751<\/p>\n<p>Cuesta del Sagrado Coraz\u00f3n, n\u00ba 2 (28016 Madrid)<\/p>\n<p>C\u00f3digo: 28029986<\/p>\n<p>Para cualquier duda o consulta, puede ponerse en contacto con nosotros a trav\u00e9s de <a href=\"mailto:info@internationalschoolofmadrid.com\">info@internationalschoolofmadrid.com<\/a>.<\/p>\n<p>El acceso a la Web supone la aceptaci\u00f3n expresa del Usuario a las presentes Condiciones Generales de Uso, que podr\u00e1n ser modificadas total o parcialmente o sustituidas por otras, por su titular y en cualquier momento sin previo aviso. Le recomendamos que acceda a las presentes condiciones de vez en cuando para comprobar sus posibles modificaciones, que se publicar\u00e1n en el mismo apartado. <\/p>\n\t\t\t\t\t\t<\/div>\n\t\t\t\t<\/div>\n\t\t\t\t<div class=\"elementor-element elementor-element-6177da8 elementor-widget elementor-widget-heading\" data-id=\"6177da8\" data-element_type=\"widget\" data-widget_type=\"heading.default\">\n\t\t\t\t<div class=\"elementor-widget-container\">\n\t\t\t<p class=\"elementor-heading-title elementor-size-default\">2.- Condiciones Generales de Uso.<\/p>\t\t<\/div>\n\t\t\t\t<\/div>\n\t\t\t\t<div class=\"elementor-element elementor-element-5ac004c elementor-widget elementor-widget-text-editor\" data-id=\"5ac004c\" data-element_type=\"widget\" data-widget_type=\"text-editor.default\">\n\t\t\t\t<div class=\"elementor-widget-container\">\n\t\t\t\t\t\t\t<p>Las siguientes Condiciones Generales regulan el uso y acceso al portal Web, cuya finalidad es establecer pautas de buen uso y comportamiento de la misma. INTERNATIONAL SCHOOL OF MADRID, S.L., pone a disposici\u00f3n de los usuarios informaci\u00f3n sobre el uso, los servicios y los contenidos que se alojan en la Web. A trav\u00e9s \u00e9sta, el Usuario tiene acceso a informaci\u00f3n sobre productos y servicios espec\u00edficos, herramientas y aplicaciones.  <\/p>\n<p>Los datos e informaciones sobre productos o servicios, precios y caracter\u00edsticas u otros datos relevantes ofrecidos a trav\u00e9s de la p\u00e1gina web son realizados, proporcionados y actualizados por Proveedores y terceras empresas. INTERNATIONAL SCHOOL OF MADRID, S.L. no es, en ning\u00fan caso, responsable de dichos datos e informaciones ni asume ninguna obligaci\u00f3n sobre los mismos. <\/p>\n<p>El Usuario se compromete a hacer un uso adecuado de los contenidos, servicios, aplicaciones y herramientas que est\u00e1n accesibles, con sujeci\u00f3n a la Ley y a las presentes Condiciones Generales de Uso y, en su caso a las Condiciones Particulares que puedan establecerse para el acceso a determinados servicios y aplicaciones, respetando en todo momento a los dem\u00e1s Usuarios de la misma.<\/p>\n<p>En caso de incumplimiento total y\/o parcial por el Usuario de las presentes condiciones Generales de Uso, INTERNATIONAL SCHOOL OF MADRID, S.L. se reserva el derecho de denegar el acceso a la Web, sin necesidad de previo aviso al Usuario.<\/p>\n\t\t\t\t\t\t<\/div>\n\t\t\t\t<\/div>\n\t\t\t\t<div class=\"elementor-element elementor-element-35b9d81 elementor-widget elementor-widget-heading\" data-id=\"35b9d81\" data-element_type=\"widget\" data-widget_type=\"heading.default\">\n\t\t\t\t<div class=\"elementor-widget-container\">\n\t\t\t<p class=\"elementor-heading-title elementor-size-default\">3.- Obligaciones Generales del Usuario.<\/p>\t\t<\/div>\n\t\t\t\t<\/div>\n\t\t\t\t<div class=\"elementor-element elementor-element-46e5e65 elementor-widget elementor-widget-text-editor\" data-id=\"46e5e65\" data-element_type=\"widget\" data-widget_type=\"text-editor.default\">\n\t\t\t\t<div class=\"elementor-widget-container\">\n\t\t\t\t\t\t\t<p>El Usuario, al aceptar las presentes condiciones Generales de Uso, se obliga expresamente a:<\/p>\n<ul>\n<li>No realizar ninguna acci\u00f3n destinada perjudicar, bloquear, da\u00f1ar, inutilizar, sobrecargar, de forma temporal o definitiva, las funcionalidades, herramientas, contenidos y\/o la infraestructura de la p\u00e1gina web, de manera que impida su normal utilizaci\u00f3n.<\/li>\n<li>Custodiar y mantener la confidencialidad de las claves de acceso asociadas a su nombre de Usuario, siendo responsable de la utilizaci\u00f3n de dichas claves de acceso personales e intransferibles por parte de terceros.<\/li>\n<li>No introducir ni realizar contenidos injuriosos o calumniosos, tanto de otros Usuarios como de terceras empresas ajenas a INTERNATIONAL SCHOOL OF MADRID, S.L.<\/li>\n<li>No utilizar cualquiera de los materiales e informaciones contenidos en este Sitio Web con fines il\u00edcitos y\/o expresamente prohibidos en las presentes Condiciones Generales de Uso, as\u00ed como a las condiciones particulares que, en su caso, se establezcan para determinadas aplicaciones y\/o utilidades y que resulten contrarios a los derechos e intereses de INTERNATIONAL SCHOOL OF MADRID, S.L., sus usuarios y\/o terceros.<\/li>\n<li>No ofertar ni distribuir productos y servicios, ni realizar publicidad o comunicaciones comerciales no solicitadas a otros Usuarios y visitantes de INTERNATIONAL SCHOOL OF MADRID, S.L.<\/li>\n<\/ul>\n<p>El Usuario responder\u00e1 de los todos los da\u00f1os y perjuicios de toda naturaleza que INTERNATIONAL SCHOOL OF MADRID, S.L. o cualquier tercero pueda sufrir como consecuencia del incumplimiento de cualesquiera de las obligaciones a las que queda sometido por virtud de estas \u201cCondiciones Generales de Uso\u201d o de la ley en relaci\u00f3n con el acceso y\/o utilizaci\u00f3n de la p\u00e1gina.<\/p>\n\t\t\t\t\t\t<\/div>\n\t\t\t\t<\/div>\n\t\t\t\t<div class=\"elementor-element elementor-element-fe6ad62 elementor-widget elementor-widget-heading\" data-id=\"fe6ad62\" data-element_type=\"widget\" data-widget_type=\"heading.default\">\n\t\t\t\t<div class=\"elementor-widget-container\">\n\t\t\t<p class=\"elementor-heading-title elementor-size-default\">4.- Propiedad Intelectual e Industrial.<\/p>\t\t<\/div>\n\t\t\t\t<\/div>\n\t\t\t\t<div class=\"elementor-element elementor-element-ce9d913 elementor-widget elementor-widget-text-editor\" data-id=\"ce9d913\" data-element_type=\"widget\" data-widget_type=\"text-editor.default\">\n\t\t\t\t<div class=\"elementor-widget-container\">\n\t\t\t\t\t\t\t<p>El sitio web, las p\u00e1ginas que comprende y la informaci\u00f3n o elementos contenidos en las mismas (incluyendo textos, documentos, fotograf\u00edas, dibujos, representaciones gr\u00e1ficas, de los que es titular o de los que sean titulares terceros que autorizan al propietario a su utilizaci\u00f3n, entre otros), as\u00ed como logotipos, marcas, nombres comerciales u otros signos distintivos, se encuentran protegidos por derechos de propiedad intelectual y\/o industrial, de los que INTERNATIONAL SCHOOL OF MADRID, S.L. es titular o ostenta autorizaci\u00f3n para su utilizaci\u00f3n y comunicaci\u00f3n p\u00fablica de los leg\u00edtimos titulares de las mismas.<\/p>\n<p>El Usuario se obliga a usar los contenidos de forma diligente y correcta, de acuerdo a la ley, la moral y el orden p\u00fablico. INTERNATIONAL SCHOOL OF MADRID, S.L. autoriza al Usuario para visualizar la informaci\u00f3n que se contiene en este sitio web, as\u00ed como para efectuar reproducciones privadas (simple actividad de descarga y almacenamiento en sus sistemas inform\u00e1ticos), siempre y cuando los elementos sean destinados \u00fanicamente al uso personal. En ning\u00fan caso, ello significar\u00e1 una autorizaci\u00f3n o licencia sobre los derechos de propiedad de INTERNATIONAL SCHOOL OF MADRID, S.L. o de los leg\u00edtimos titulares de las mismas.  <\/p>\n<p>El Usuario no est\u00e1 autorizado para proceder a la distribuci\u00f3n, modificaci\u00f3n, cesi\u00f3n o comunicaci\u00f3n p\u00fablica de la informaci\u00f3n contenida en esta Web en cualquier forma y cualquiera que sea su finalidad.<\/p>\n\t\t\t\t\t\t<\/div>\n\t\t\t\t<\/div>\n\t\t\t\t<div class=\"elementor-element elementor-element-0efc107 elementor-widget elementor-widget-heading\" data-id=\"0efc107\" data-element_type=\"widget\" data-widget_type=\"heading.default\">\n\t\t\t\t<div class=\"elementor-widget-container\">\n\t\t\t<p class=\"elementor-heading-title elementor-size-default\">5.- Enlaces.<\/p>\t\t<\/div>\n\t\t\t\t<\/div>\n\t\t\t\t<div class=\"elementor-element elementor-element-ea250e5 elementor-widget elementor-widget-text-editor\" data-id=\"ea250e5\" data-element_type=\"widget\" data-widget_type=\"text-editor.default\">\n\t\t\t\t<div class=\"elementor-widget-container\">\n\t\t\t\t\t\t\t<p>Las conexiones y enlaces a sitios o p\u00e1ginas Web de terceros se han establecido \u00fanicamente como una utilidad para el Usuario. INTERNATIONAL SCHOOL OF MADRID, S.L. no es, en ning\u00fan caso, responsable de las mismas o de su contenido. <\/p>\n<p>INTERNATIONAL SCHOOL OF MADRID, S.L. no asume ninguna responsabilidad derivada de la existencia de enlaces entre los contenidos de este sitio y contenidos situados fuera del mismo o de cualquier otra menci\u00f3n de contenidos externos a este sitio. Tales enlaces o menciones tienen una finalidad exclusivamente informativa y, en ning\u00fan caso, implican el apoyo, aprobaci\u00f3n, comercializaci\u00f3n o relaci\u00f3n alguna entre INTERNATIONAL SCHOOL OF MADRID, S.L. y las personas o entidades autoras y\/o gestoras de tales contenidos o titulares de los sitios donde se encuentren. <\/p>\n<p>Para realizar enlaces con la p\u00e1gina Web ser\u00e1 necesaria la autorizaci\u00f3n expresa y por escrito de los titulares del portal.<\/p>\n\t\t\t\t\t\t<\/div>\n\t\t\t\t<\/div>\n\t\t\t\t<div class=\"elementor-element elementor-element-9599dda elementor-widget elementor-widget-heading\" data-id=\"9599dda\" data-element_type=\"widget\" data-widget_type=\"heading.default\">\n\t\t\t\t<div class=\"elementor-widget-container\">\n\t\t\t<p class=\"elementor-heading-title elementor-size-default\">6.- Responsabilidad. <\/p>\t\t<\/div>\n\t\t\t\t<\/div>\n\t\t\t\t<div class=\"elementor-element elementor-element-abaa629 elementor-widget elementor-widget-text-editor\" data-id=\"abaa629\" data-element_type=\"widget\" data-widget_type=\"text-editor.default\">\n\t\t\t\t<div class=\"elementor-widget-container\">\n\t\t\t\t\t\t\t<p>INTERNATIONAL SCHOOL OF MADRID, S.L. no garantiza el acceso continuado, ni la correcta visualizaci\u00f3n, descarga o utilidad de los elementos e informaci\u00f3n contenidos en las p\u00e1ginas del portal que pueden verse impedidos, dificultados o interrumpidos por factores o circunstancias fuera de su control o ajenas a su voluntad, ni de aquellos que sean producidos por la existencia de virus inform\u00e1ticos en Internet.<\/p>\n<p>INTERNATIONAL SCHOOL OF MADRID, S.L. no asume responsabilidad alguna por da\u00f1os, perjuicios, p\u00e9rdidas, reclamaciones o gastos, producidos por:<\/p>\n<p style=\"padding-left: 40px;\">(i) Interferencias, interrupciones, fallos, omisiones, retrasos, bloqueos o desconexiones, motivadas por errores en las l\u00edneas y redes de telecomunicaciones o por cualquier otra causa ajena al control de INTERNATIONAL SCHOOL OF MADRID, S.L.<br \/>(ii) Intromisiones ileg\u00edtimas mediante el uso de programas malignos de cualquier tipo y a trav\u00e9s de cualquier medio de comunicaci\u00f3n, tales como virus inform\u00e1ticos o cualesquiera otros;<br \/>(iii) Uso indebido o inadecuado de la p\u00e1gina web de INTERNATIONAL SCHOOL OF MADRID, S.L.<br \/>(iv) Errores de seguridad o navegaci\u00f3n producidos por un mal funcionamiento del navegador o por el uso de versiones no actualizadas.<\/p>\n<p>INTERNATIONAL SCHOOL OF MADRID, S.L. no es responsable ni en ning\u00fan caso responder\u00e1 frente a los usuarios y a terceros sobre actos de cualquier tercero ajeno a INTERNATIONAL SCHOOL OF MADRID, S.L. que conlleve o pueda suponer la realizaci\u00f3n de actos de competencia desleal y publicidad il\u00edcita o la infracci\u00f3n de los derechos de propiedad intelectual e industrial, de los secretos empresariales, de compromisos contractuales de cualquier clase, de los derechos al honor, a la intimidad personal y familiar y a la imagen, de los derechos de propiedad y de toda otra naturaleza pertenecientes a un tercero por raz\u00f3n de la transmisi\u00f3n, difusi\u00f3n, almacenamiento, puesta a disposici\u00f3n, recepci\u00f3n, obtenci\u00f3n o acceso a los contenidos.<\/p>\n\t\t\t\t\t\t<\/div>\n\t\t\t\t<\/div>\n\t\t\t\t<div class=\"elementor-element elementor-element-2bf4502 elementor-widget elementor-widget-heading\" data-id=\"2bf4502\" data-element_type=\"widget\" data-widget_type=\"heading.default\">\n\t\t\t\t<div class=\"elementor-widget-container\">\n\t\t\t<p class=\"elementor-heading-title elementor-size-default\">7.- Protecci\u00f3n de Datos de Car\u00e1cter Personal.<\/p>\t\t<\/div>\n\t\t\t\t<\/div>\n\t\t\t\t<div class=\"elementor-element elementor-element-900b8ea elementor-widget elementor-widget-text-editor\" data-id=\"900b8ea\" data-element_type=\"widget\" data-widget_type=\"text-editor.default\">\n\t\t\t\t<div class=\"elementor-widget-container\">\n\t\t\t\t\t\t\t<p>Toda la pol\u00edtica de tratamiento de datos personales la encontrar\u00e1s en la Pol\u00edtica de Privacidad, que forma parte integrante de estas Condiciones Generales pero que, por simplicidad, hemos puesto en un documento aparte: Pol\u00edtica de Privacidad.<\/p>\n\t\t\t\t\t\t<\/div>\n\t\t\t\t<\/div>\n\t\t\t\t<div class=\"elementor-element elementor-element-1f8cfae elementor-widget elementor-widget-heading\" data-id=\"1f8cfae\" data-element_type=\"widget\" data-widget_type=\"heading.default\">\n\t\t\t\t<div class=\"elementor-widget-container\">\n\t\t\t<p class=\"elementor-heading-title elementor-size-default\">8.- Legislaci\u00f3n.<\/p>\t\t<\/div>\n\t\t\t\t<\/div>\n\t\t\t\t<div class=\"elementor-element elementor-element-b9cd630 elementor-widget elementor-widget-text-editor\" data-id=\"b9cd630\" data-element_type=\"widget\" data-widget_type=\"text-editor.default\">\n\t\t\t\t<div class=\"elementor-widget-container\">\n\t\t\t\t\t\t\t<p>El presente Aviso Legal y sus t\u00e9rminos y condiciones se regir\u00e1n e interpretar\u00e1n de acuerdo con la Legislaci\u00f3n Espa\u00f1ola. El usuario, por el solo hecho de acceder a la p\u00e1gina web u obtener la condici\u00f3n de usuario registrado otorga, de forma irrevocable, su consentimiento a que los Tribunales competentes por defecto puedan conocer de cualquier acci\u00f3n judicial derivada de o relacionada con las presentes condiciones, o con su uso de este Sitio o la navegaci\u00f3n realizada por el mismo. <\/p>\n<p>Si alguna cl\u00e1usula o apartado de las presentes Condiciones Generales, que no sea de naturaleza esencial para la existencia del mismo, es declarada nula o inaplicable, la validez de las restantes cl\u00e1usulas no se ver\u00e1 afectada.<\/p>\n\t\t\t\t\t\t<\/div>\n\t\t\t\t<\/div>\n\t\t\t\t\t<\/div>\n\t\t\t\t<\/div>\n\t\t\t\t\t<\/div>\n\t\t\t\t<\/div>\n\t\t\t\t<\/div>\n\t\t","protected":false},"excerpt":{"rendered":"<p>Aviso legal de International School of Madrid Le agradecemos que hayas decidido visitarnos. Queremos que su experiencia en nuestra Web sea lo mejor posible. Para acceder a nuestros servicios, declara que es mayor de edad y que tiene la capacidad legal suficiente para usar nuestros servicios, de acuerdo con su ley nacional. El acceso y [&hellip;]<\/p>\n","protected":false},"author":1,"featured_media":0,"parent":0,"menu_order":0,"comment_status":"closed","ping_status":"closed","template":"","meta":{"footnotes":""},"class_list":["post-1909","page","type-page","status-publish","hentry"],"yoast_head":"<!-- This site is optimized with the Yoast SEO plugin v24.0 - https:\/\/yoast.com\/wordpress\/plugins\/seo\/ -->\n<title>Aviso legal - International School of Madrid<\/title>\n<meta name=\"robots\" content=\"noindex, follow\" \/>\n<meta property=\"og:locale\" content=\"es_ES\" \/>\n<meta property=\"og:type\" content=\"article\" \/>\n<meta property=\"og:title\" content=\"Aviso legal - International School of Madrid\" \/>\n<meta property=\"og:description\" content=\"Aviso legal de International School of Madrid Le agradecemos que hayas decidido visitarnos. Queremos que su experiencia en nuestra Web sea lo mejor posible. Para acceder a nuestros servicios, declara que es mayor de edad y que tiene la capacidad legal suficiente para usar nuestros servicios, de acuerdo con su ley nacional. El acceso y [&hellip;]\" \/>\n<meta property=\"og:url\" content=\"https:\/\/internationalschoolofmadrid.com\/es\/aviso-legal\/\" \/>\n<meta property=\"og:site_name\" content=\"International School of Madrid\" \/>\n<meta property=\"article:modified_time\" content=\"2024-11-08T10:49:53+00:00\" \/>\n<meta name=\"twitter:card\" content=\"summary_large_image\" \/>\n<meta name=\"twitter:label1\" content=\"Tiempo de lectura\" \/>\n\t<meta name=\"twitter:data1\" content=\"9 minutos\" \/>\n<script type=\"application\/ld+json\" class=\"yoast-schema-graph\">{\"@context\":\"https:\/\/schema.org\",\"@graph\":[{\"@type\":\"WebPage\",\"@id\":\"https:\/\/internationalschoolofmadrid.com\/es\/aviso-legal\/\",\"url\":\"https:\/\/internationalschoolofmadrid.com\/es\/aviso-legal\/\",\"name\":\"Aviso legal - International School of Madrid\",\"isPartOf\":{\"@id\":\"https:\/\/internationalschoolofmadrid.com\/es\/#website\"},\"datePublished\":\"2024-06-17T08:02:13+00:00\",\"dateModified\":\"2024-11-08T10:49:53+00:00\",\"breadcrumb\":{\"@id\":\"https:\/\/internationalschoolofmadrid.com\/es\/aviso-legal\/#breadcrumb\"},\"inLanguage\":\"es\",\"potentialAction\":[{\"@type\":\"ReadAction\",\"target\":[\"https:\/\/internationalschoolofmadrid.com\/es\/aviso-legal\/\"]}]},{\"@type\":\"BreadcrumbList\",\"@id\":\"https:\/\/internationalschoolofmadrid.com\/es\/aviso-legal\/#breadcrumb\",\"itemListElement\":[{\"@type\":\"ListItem\",\"position\":1,\"name\":\"Portada\",\"item\":\"https:\/\/internationalschoolofmadrid.com\/es\/inicio\/\"},{\"@type\":\"ListItem\",\"position\":2,\"name\":\"Aviso legal\"}]},{\"@type\":\"WebSite\",\"@id\":\"https:\/\/internationalschoolofmadrid.com\/es\/#website\",\"url\":\"https:\/\/internationalschoolofmadrid.com\/es\/\",\"name\":\"International School of Madrid\",\"description\":\"\",\"publisher\":{\"@id\":\"https:\/\/internationalschoolofmadrid.com\/es\/#organization\"},\"potentialAction\":[{\"@type\":\"SearchAction\",\"target\":{\"@type\":\"EntryPoint\",\"urlTemplate\":\"https:\/\/internationalschoolofmadrid.com\/es\/?s={search_term_string}\"},\"query-input\":{\"@type\":\"PropertyValueSpecification\",\"valueRequired\":true,\"valueName\":\"search_term_string\"}}],\"inLanguage\":\"es\"},{\"@type\":\"Organization\",\"@id\":\"https:\/\/internationalschoolofmadrid.com\/es\/#organization\",\"name\":\"International School of Madrid\",\"url\":\"https:\/\/internationalschoolofmadrid.com\/es\/\",\"logo\":{\"@type\":\"ImageObject\",\"inLanguage\":\"es\",\"@id\":\"https:\/\/internationalschoolofmadrid.com\/es\/#\/schema\/logo\/image\/\",\"url\":\"https:\/\/internationalschoolofmadrid.com\/wp-content\/uploads\/2024\/02\/Logotipo-ISM-azul.png\",\"contentUrl\":\"https:\/\/internationalschoolofmadrid.com\/wp-content\/uploads\/2024\/02\/Logotipo-ISM-azul.png\",\"width\":2201,\"height\":615,\"caption\":\"International School of Madrid\"},\"image\":{\"@id\":\"https:\/\/internationalschoolofmadrid.com\/es\/#\/schema\/logo\/image\/\"}}]}<\/script>\n<!-- \/ Yoast SEO plugin. -->","yoast_head_json":{"title":"Aviso legal - International School of Madrid","robots":{"index":"noindex","follow":"follow"},"og_locale":"es_ES","og_type":"article","og_title":"Aviso legal - International School of Madrid","og_description":"Aviso legal de International School of Madrid Le agradecemos que hayas decidido visitarnos. Queremos que su experiencia en nuestra Web sea lo mejor posible. Para acceder a nuestros servicios, declara que es mayor de edad y que tiene la capacidad legal suficiente para usar nuestros servicios, de acuerdo con su ley nacional. El acceso y [&hellip;]","og_url":"https:\/\/internationalschoolofmadrid.com\/es\/aviso-legal\/","og_site_name":"International School of Madrid","article_modified_time":"2024-11-08T10:49:53+00:00","twitter_card":"summary_large_image","twitter_misc":{"Tiempo de lectura":"9 minutos"},"schema":{"@context":"https:\/\/schema.org","@graph":[{"@type":"WebPage","@id":"https:\/\/internationalschoolofmadrid.com\/es\/aviso-legal\/","url":"https:\/\/internationalschoolofmadrid.com\/es\/aviso-legal\/","name":"Aviso legal - International School of Madrid","isPartOf":{"@id":"https:\/\/internationalschoolofmadrid.com\/es\/#website"},"datePublished":"2024-06-17T08:02:13+00:00","dateModified":"2024-11-08T10:49:53+00:00","breadcrumb":{"@id":"https:\/\/internationalschoolofmadrid.com\/es\/aviso-legal\/#breadcrumb"},"inLanguage":"es","potentialAction":[{"@type":"ReadAction","target":["https:\/\/internationalschoolofmadrid.com\/es\/aviso-legal\/"]}]},{"@type":"BreadcrumbList","@id":"https:\/\/internationalschoolofmadrid.com\/es\/aviso-legal\/#breadcrumb","itemListElement":[{"@type":"ListItem","position":1,"name":"Portada","item":"https:\/\/internationalschoolofmadrid.com\/es\/inicio\/"},{"@type":"ListItem","position":2,"name":"Aviso legal"}]},{"@type":"WebSite","@id":"https:\/\/internationalschoolofmadrid.com\/es\/#website","url":"https:\/\/internationalschoolofmadrid.com\/es\/","name":"International School of Madrid","description":"","publisher":{"@id":"https:\/\/internationalschoolofmadrid.com\/es\/#organization"},"potentialAction":[{"@type":"SearchAction","target":{"@type":"EntryPoint","urlTemplate":"https:\/\/internationalschoolofmadrid.com\/es\/?s={search_term_string}"},"query-input":{"@type":"PropertyValueSpecification","valueRequired":true,"valueName":"search_term_string"}}],"inLanguage":"es"},{"@type":"Organization","@id":"https:\/\/internationalschoolofmadrid.com\/es\/#organization","name":"International School of Madrid","url":"https:\/\/internationalschoolofmadrid.com\/es\/","logo":{"@type":"ImageObject","inLanguage":"es","@id":"https:\/\/internationalschoolofmadrid.com\/es\/#\/schema\/logo\/image\/","url":"https:\/\/internationalschoolofmadrid.com\/wp-content\/uploads\/2024\/02\/Logotipo-ISM-azul.png","contentUrl":"https:\/\/internationalschoolofmadrid.com\/wp-content\/uploads\/2024\/02\/Logotipo-ISM-azul.png","width":2201,"height":615,"caption":"International School of Madrid"},"image":{"@id":"https:\/\/internationalschoolofmadrid.com\/es\/#\/schema\/logo\/image\/"}}]}},"_links":{"self":[{"href":"https:\/\/internationalschoolofmadrid.com\/es\/wp-json\/wp\/v2\/pages\/1909","targetHints":{"allow":["GET"]}}],"collection":[{"href":"https:\/\/internationalschoolofmadrid.com\/es\/wp-json\/wp\/v2\/pages"}],"about":[{"href":"https:\/\/internationalschoolofmadrid.com\/es\/wp-json\/wp\/v2\/types\/page"}],"author":[{"embeddable":true,"href":"https:\/\/internationalschoolofmadrid.com\/es\/wp-json\/wp\/v2\/users\/1"}],"replies":[{"embeddable":true,"href":"https:\/\/internationalschoolofmadrid.com\/es\/wp-json\/wp\/v2\/comments?post=1909"}],"version-history":[{"count":4,"href":"https:\/\/internationalschoolofmadrid.com\/es\/wp-json\/wp\/v2\/pages\/1909\/revisions"}],"predecessor-version":[{"id":2361,"href":"https:\/\/internationalschoolofmadrid.com\/es\/wp-json\/wp\/v2\/pages\/1909\/revisions\/2361"}],"wp:attachment":[{"href":"https:\/\/internationalschoolofmadrid.com\/es\/wp-json\/wp\/v2\/media?parent=1909"}],"curies":[{"name":"wp","href":"https:\/\/api.w.org\/{rel}","templated":true}]}}